

{"id":8,"date":"2015-02-17T11:01:39","date_gmt":"2015-02-17T11:01:39","guid":{"rendered":"http:\/\/localhost\/tilaakuvat\/?page_id=8"},"modified":"2018-02-15T12:23:20","modified_gmt":"2018-02-15T12:23:20","slug":"esittely","status":"publish","type":"page","link":"https:\/\/www.tilaakuvat.fi\/?page_id=8","title":{"rendered":"Esittely"},"content":{"rendered":"<p>&nbsp;<\/p>\n<table width=\"100%\">\n<tbody>\n<tr>\n<td width=\"50%\">\u00a0<img decoding=\"async\" loading=\"lazy\" class=\"aligncenter size-full wp-image-21\" src=\"https:\/\/www.tilaakuvat.fi\/wp2023\/wp-content\/uploads\/2015\/02\/tunnukset.png\" alt=\"tunnukset\" width=\"170\" height=\"170\" srcset=\"https:\/\/www.tilaakuvat.fi\/wp2023\/wp-content\/uploads\/2015\/02\/tunnukset.png 170w, https:\/\/www.tilaakuvat.fi\/wp2023\/wp-content\/uploads\/2015\/02\/tunnukset-150x150.png 150w, https:\/\/www.tilaakuvat.fi\/wp2023\/wp-content\/uploads\/2015\/02\/tunnukset-100x100.png 100w\" sizes=\"(max-width: 170px) 100vw, 170px\" \/><\/p>\n<h4><span style=\"color: #6acde6; font-size: 3em; display: table; float: left; line-height: 0.6em;\">01<\/span>KUVAUS<\/h4>\n<p>Kuvausta ennen toimitetaan ennakkoilmoittautumisohjeet. Perinteisen yhden tai kahden kuvan sijaan saat n\u00e4ht\u00e4v\u00e4ksi useita otoksia joista voi valita tilattavaksi ne parhaat. Kuvalinkin voi l\u00e4hett\u00e4\u00e4 my\u00f6s yst\u00e4ville ja sukulaisille, jotka n\u00e4in itse p\u00e4\u00e4sev\u00e4t valitsemaan suosikkinsa.<\/td>\n<td width=\"50%\">\u00a0<img decoding=\"async\" loading=\"lazy\" class=\"aligncenter size-full wp-image-22\" src=\"https:\/\/www.tilaakuvat.fi\/wp2023\/wp-content\/uploads\/2015\/02\/verkkokauppa.png\" alt=\"verkkokauppa\" width=\"170\" height=\"170\" srcset=\"https:\/\/www.tilaakuvat.fi\/wp2023\/wp-content\/uploads\/2015\/02\/verkkokauppa.png 170w, https:\/\/www.tilaakuvat.fi\/wp2023\/wp-content\/uploads\/2015\/02\/verkkokauppa-150x150.png 150w, https:\/\/www.tilaakuvat.fi\/wp2023\/wp-content\/uploads\/2015\/02\/verkkokauppa-100x100.png 100w\" sizes=\"(max-width: 170px) 100vw, 170px\" \/><\/p>\n<h4><span style=\"color: #ef4e73; font-size: 3em;\">02<\/span>\u00a0TUNNUKSET VERKKOKAUPPAAN<\/h4>\n<p>Valokuvauksen j\u00e4lkeen toimitetaan otetuista kuvista s\u00e4hk\u00f6postitse linkki, josta kuvat saa n\u00e4ht\u00e4v\u00e4ksi ja tilattavaksi tilaakuvat.fi verkkokauppaan.<\/td>\n<\/tr>\n<tr>\n<td width=\"50%\">\u00a0<img decoding=\"async\" loading=\"lazy\" class=\"aligncenter size-full wp-image-19\" src=\"https:\/\/www.tilaakuvat.fi\/wp2023\/wp-content\/uploads\/2015\/02\/kuvat.png\" alt=\"kuvat\" width=\"170\" height=\"170\" srcset=\"https:\/\/www.tilaakuvat.fi\/wp2023\/wp-content\/uploads\/2015\/02\/kuvat.png 170w, https:\/\/www.tilaakuvat.fi\/wp2023\/wp-content\/uploads\/2015\/02\/kuvat-150x150.png 150w, https:\/\/www.tilaakuvat.fi\/wp2023\/wp-content\/uploads\/2015\/02\/kuvat-100x100.png 100w\" sizes=\"(max-width: 170px) 100vw, 170px\" \/><\/p>\n<h4><span style=\"color: #f9e61e; font-size: 3em;\">03<\/span>\u00a0KUVIEN VALINTA JA TILAUS<\/h4>\n<p>Verkkokaupasta voi tilata kuvia halutussa koossa ja tyyliss\u00e4. Kuviin voi lis\u00e4t\u00e4 erilaisia digikehyksi\u00e4 ja tuttuihin ruutusarja- ja tarrakuva-arkkiin valita useita eri-ilmeisi\u00e4 kuvia.<\/td>\n<td width=\"50%\">\u00a0<img decoding=\"async\" loading=\"lazy\" class=\"aligncenter wp-image-24 size-full\" src=\"https:\/\/www.tilaakuvat.fi\/wp2023\/wp-content\/uploads\/2015\/02\/posti2.png\" alt=\"\" width=\"400\" height=\"170\" srcset=\"https:\/\/www.tilaakuvat.fi\/wp2023\/wp-content\/uploads\/2015\/02\/posti2.png 400w, https:\/\/www.tilaakuvat.fi\/wp2023\/wp-content\/uploads\/2015\/02\/posti2-300x128.png 300w, https:\/\/www.tilaakuvat.fi\/wp2023\/wp-content\/uploads\/2015\/02\/posti2-100x43.png 100w, https:\/\/www.tilaakuvat.fi\/wp2023\/wp-content\/uploads\/2015\/02\/posti2-150x64.png 150w, https:\/\/www.tilaakuvat.fi\/wp2023\/wp-content\/uploads\/2015\/02\/posti2-200x85.png 200w\" sizes=\"(max-width: 400px) 100vw, 400px\" \/><\/p>\n<h4><span style=\"color: #6acde6; font-size: 3em;\">04<\/span>\u00a0KUVAT KOTIIN KANNETTUNA<\/h4>\n<p>Tilatut kuvat toimitetaan postitse suoraan kotiin!<\/td>\n<\/tr>\n<\/tbody>\n<\/table>\n<p>&nbsp;<\/p>\n","protected":false},"excerpt":{"rendered":"<p>&nbsp; \u00a0 01KUVAUS Kuvausta ennen toimitetaan ennakkoilmoittautumisohjeet. Perinteisen yhden tai kahden kuvan sijaan saat n\u00e4ht\u00e4v\u00e4ksi useita otoksia joista voi valita tilattavaksi ne parhaat. Kuvalinkin voi l\u00e4hett\u00e4\u00e4 my\u00f6s yst\u00e4ville ja sukulaisille, jotka n\u00e4in itse p\u00e4\u00e4sev\u00e4t valitsemaan suosikkinsa. \u00a0 02\u00a0TUNNUKSET VERKKOKAUPPAAN Valokuvauksen<span class=\"ellipsis\">&hellip;<\/span><\/p>\n<div class=\"read-more\"><a href=\"https:\/\/www.tilaakuvat.fi\/?page_id=8\">Lue lis\u00e4\u00e4 \u203a<\/a><\/div>\n<p><!-- end of .read-more --><\/p>\n","protected":false},"author":1,"featured_media":0,"parent":0,"menu_order":2,"comment_status":"closed","ping_status":"closed","template":"full-width-page.php","meta":{"footnotes":""},"yoast_head":"<!-- This site is optimized with the Yoast SEO plugin v21.3 - https:\/\/yoast.com\/wordpress\/plugins\/seo\/ -->\n<title>Esittely - Tilaakuvat.fi<\/title>\n<meta name=\"description\" content=\"Kuvattavat saavat kuvat helposti verkkokauppaan tilattavaksi ja parhaat kuvat postitse suoraan kotiin.\" \/>\n<meta name=\"robots\" content=\"index, follow, max-snippet:-1, max-image-preview:large, max-video-preview:-1\" \/>\n<link rel=\"canonical\" href=\"https:\/\/www.tilaakuvat.fi\/?page_id=8\" \/>\n<meta property=\"og:locale\" content=\"fi_FI\" \/>\n<meta property=\"og:type\" content=\"article\" \/>\n<meta property=\"og:title\" content=\"Esittely - Tilaakuvat.fi\" \/>\n<meta property=\"og:description\" content=\"Kuvattavat saavat kuvat helposti verkkokauppaan tilattavaksi ja parhaat kuvat postitse suoraan kotiin.\" \/>\n<meta property=\"og:url\" content=\"https:\/\/www.tilaakuvat.fi\/?page_id=8\" \/>\n<meta property=\"og:site_name\" content=\"Tilaakuvat.fi\" \/>\n<meta property=\"article:modified_time\" content=\"2018-02-15T12:23:20+00:00\" \/>\n<meta property=\"og:image\" content=\"https:\/\/www.tilaakuvat.fi\/wp2023\/wp-content\/uploads\/2015\/02\/tunnukset.png\" \/>\n<meta name=\"twitter:label1\" content=\"Arvioitu lukuaika\" \/>\n\t<meta name=\"twitter:data1\" content=\"1 minuutti\" \/>\n<script type=\"application\/ld+json\" class=\"yoast-schema-graph\">{\"@context\":\"https:\/\/schema.org\",\"@graph\":[{\"@type\":\"WebPage\",\"@id\":\"https:\/\/www.tilaakuvat.fi\/?page_id=8\",\"url\":\"https:\/\/www.tilaakuvat.fi\/?page_id=8\",\"name\":\"Esittely - Tilaakuvat.fi\",\"isPartOf\":{\"@id\":\"https:\/\/www.tilaakuvat.fi\/#website\"},\"datePublished\":\"2015-02-17T11:01:39+00:00\",\"dateModified\":\"2018-02-15T12:23:20+00:00\",\"description\":\"Kuvattavat saavat kuvat helposti verkkokauppaan tilattavaksi ja parhaat kuvat postitse suoraan kotiin.\",\"inLanguage\":\"fi\",\"potentialAction\":[{\"@type\":\"ReadAction\",\"target\":[\"https:\/\/www.tilaakuvat.fi\/?page_id=8\"]}]},{\"@type\":\"WebSite\",\"@id\":\"https:\/\/www.tilaakuvat.fi\/#website\",\"url\":\"https:\/\/www.tilaakuvat.fi\/\",\"name\":\"Tilaakuvat.fi\",\"description\":\"Kuvaajan kaverina\",\"potentialAction\":[{\"@type\":\"SearchAction\",\"target\":{\"@type\":\"EntryPoint\",\"urlTemplate\":\"https:\/\/www.tilaakuvat.fi\/?s={search_term_string}\"},\"query-input\":\"required name=search_term_string\"}],\"inLanguage\":\"fi\"}]}<\/script>\n<!-- \/ Yoast SEO plugin. -->","yoast_head_json":{"title":"Esittely - Tilaakuvat.fi","description":"Kuvattavat saavat kuvat helposti verkkokauppaan tilattavaksi ja parhaat kuvat postitse suoraan kotiin.","robots":{"index":"index","follow":"follow","max-snippet":"max-snippet:-1","max-image-preview":"max-image-preview:large","max-video-preview":"max-video-preview:-1"},"canonical":"https:\/\/www.tilaakuvat.fi\/?page_id=8","og_locale":"fi_FI","og_type":"article","og_title":"Esittely - Tilaakuvat.fi","og_description":"Kuvattavat saavat kuvat helposti verkkokauppaan tilattavaksi ja parhaat kuvat postitse suoraan kotiin.","og_url":"https:\/\/www.tilaakuvat.fi\/?page_id=8","og_site_name":"Tilaakuvat.fi","article_modified_time":"2018-02-15T12:23:20+00:00","og_image":[{"url":"https:\/\/www.tilaakuvat.fi\/wp2023\/wp-content\/uploads\/2015\/02\/tunnukset.png"}],"twitter_misc":{"Arvioitu lukuaika":"1 minuutti"},"schema":{"@context":"https:\/\/schema.org","@graph":[{"@type":"WebPage","@id":"https:\/\/www.tilaakuvat.fi\/?page_id=8","url":"https:\/\/www.tilaakuvat.fi\/?page_id=8","name":"Esittely - Tilaakuvat.fi","isPartOf":{"@id":"https:\/\/www.tilaakuvat.fi\/#website"},"datePublished":"2015-02-17T11:01:39+00:00","dateModified":"2018-02-15T12:23:20+00:00","description":"Kuvattavat saavat kuvat helposti verkkokauppaan tilattavaksi ja parhaat kuvat postitse suoraan kotiin.","inLanguage":"fi","potentialAction":[{"@type":"ReadAction","target":["https:\/\/www.tilaakuvat.fi\/?page_id=8"]}]},{"@type":"WebSite","@id":"https:\/\/www.tilaakuvat.fi\/#website","url":"https:\/\/www.tilaakuvat.fi\/","name":"Tilaakuvat.fi","description":"Kuvaajan kaverina","potentialAction":[{"@type":"SearchAction","target":{"@type":"EntryPoint","urlTemplate":"https:\/\/www.tilaakuvat.fi\/?s={search_term_string}"},"query-input":"required name=search_term_string"}],"inLanguage":"fi"}]}},"_links":{"self":[{"href":"https:\/\/www.tilaakuvat.fi\/index.php?rest_route=\/wp\/v2\/pages\/8"}],"collection":[{"href":"https:\/\/www.tilaakuvat.fi\/index.php?rest_route=\/wp\/v2\/pages"}],"about":[{"href":"https:\/\/www.tilaakuvat.fi\/index.php?rest_route=\/wp\/v2\/types\/page"}],"author":[{"embeddable":true,"href":"https:\/\/www.tilaakuvat.fi\/index.php?rest_route=\/wp\/v2\/users\/1"}],"replies":[{"embeddable":true,"href":"https:\/\/www.tilaakuvat.fi\/index.php?rest_route=%2Fwp%2Fv2%2Fcomments&post=8"}],"version-history":[{"count":15,"href":"https:\/\/www.tilaakuvat.fi\/index.php?rest_route=\/wp\/v2\/pages\/8\/revisions"}],"predecessor-version":[{"id":196,"href":"https:\/\/www.tilaakuvat.fi\/index.php?rest_route=\/wp\/v2\/pages\/8\/revisions\/196"}],"wp:attachment":[{"href":"https:\/\/www.tilaakuvat.fi\/index.php?rest_route=%2Fwp%2Fv2%2Fmedia&parent=8"}],"curies":[{"name":"wp","href":"https:\/\/api.w.org\/{rel}","templated":true}]}}