

{"id":10,"date":"2015-02-17T11:01:49","date_gmt":"2015-02-17T11:01:49","guid":{"rendered":"http:\/\/localhost\/tilaakuvat\/?page_id=10"},"modified":"2021-09-30T09:15:55","modified_gmt":"2021-09-30T09:15:55","slug":"info","status":"publish","type":"page","link":"https:\/\/www.tilaakuvat.fi\/?page_id=10","title":{"rendered":"Info"},"content":{"rendered":"<hr \/>\n<h2>Kuvaajainfo<\/h2>\n<p><a href=\"https:\/\/www.tilaakuvat.fi\">Tilaakuvat.fi<\/a> on ammattikuvaajille toteutettu verkkokauppapalvelu. Verkkokauppamme kautta myyt k\u00e4tev\u00e4sti otetut p\u00e4iv\u00e4koti-,koulu- tai ammattikuvat. Hoidamme puolestasi kuvien myynnin, valmistuksen, pakkauksen,postituksen ja asiakaspalvelun.Valokuvaajana voit itse m\u00e4\u00e4ritell\u00e4 myyt\u00e4v\u00e4t kuvatuotteet ja hinnat. Verkkokauppaa on kehitetty yhdess\u00e4 valokuvaajien ja asiakkaiden kanssa vuodesta 2008 saakka. Tilauksia verkkokaupastamme on tehty jo yli 65.000.kpl.<\/p>\n<h3>P\u00e4iv\u00e4koti- ja koulukuvaus<\/h3>\n<p>J\u00e4rjestelm\u00e4mme avulla hoidat kuvauksiin liittyv\u00e4t kuvaustiedotteet, ilmoittautumiset sek\u00e4 kuvien l\u00e4hett\u00e4misen. Asiakaspalvelumme hoitaa verkkokauppaan ja tilauksiin liittyv\u00e4t asiakaskysymykset sek\u00e4 jo verkkokaupasta poistuneiden kuvien palautuksen myyntiin. Kauttamme valokuvaaja saa my\u00f6s apua kuvausten j\u00e4rjestelyyn ja markkinointiin.<\/p>\n<h3>Ammattikuvat<\/h3>\n<p>Kev\u00e4\u00e4ll\u00e4 2015 avasimme verkkokaupan my\u00f6s studiokuvakokoja (4:5) myyville ammattikuvaajille. Verkkokaupan avulla asiakkaat voivat tilata kuvansa suoraan kotoa, jolloin heid\u00e4n ei tarvitse varata erillist\u00e4 aikaa koevedosten, kuvatilausten tai valmiiden kuvien noutoon. N\u00e4in voit tarjota kuvauspalveluita my\u00f6s kauempaa saapuville asiakkaille. Verkkokaupan k\u00e4ytt\u00f6 on helppoa. Ladattuasi kuvat verkkokauppaan ja l\u00e4hetty\u00e4si kuvat asiakkaalle saat tehdyst\u00e4 kuvatilauksesta ilmoituksen s\u00e4hk\u00f6postiisi. Yll\u00e4pidosta voit ladata tehdyn kuvatilauksen omalle koneellesi, tehd\u00e4 tarvittavat kuvakorjailut ja palauttaa kuvat verkkokauppaan josta ne siirtyv\u00e4t automaattisesti tuotantoon. Mik\u00e4li k\u00e4yt\u00e4t kuvatuotantoon esim. omaa mustesuihkutulostinta voit tehd\u00e4 kuvat my\u00f6s itse ja toimittaa ne asiakkaalle haluamallasi tavalla. Perinteisten kuvakokojen lis\u00e4ksi voit verkkokaupassa voi myyd\u00e4 my\u00f6s panorama- (1:3) tai neli\u00f6kuvakokoja(1:1).<\/p>\n<p>Kuvatuotannon, pakkauksen ja l\u00e4hetyksen hoitaa <a href=\"http:\/\/www.fotolinja.fi\/\" target=\"_blank\" rel=\"noopener\">FOTOLINJA OY\u00a0<\/a><\/p>\n<p><a href=\"http:\/\/www.fotolinja.fi\/\"><img decoding=\"async\" loading=\"lazy\" class=\"alignnone\" src=\"http:\/\/www.fotolinja.fi\/wp-content\/themes\/fotolinja_theme\/images\/logo.png\" alt=\"\" width=\"165\" height=\"34\" \/><\/a><\/p>\n<p><strong>Ota yhteytt\u00e4:<\/strong><\/p>\n<p><a href=\"https:\/\/www.tilaakuvat.fi\">Tilaakuvat.fi<\/a><br \/>\nSuomen Mallikuvat Oy<br \/>\nPaljetie 5<br \/>\n90140 OULU<br \/>\n<a href=\"&#x6d;&#x61;&#105;&#108;&#116;o&#x3a;&#x69;&#x6e;&#102;&#111;&#64;w&#x77;&#x77;&#x2e;&#116;&#105;l&#x61;&#x61;&#x6b;&#117;&#118;&#97;t&#x2e;&#x66;&#x69;\">i&#110;&#102;&#x6f;&#x40;&#x77;ww&#46;&#116;&#x69;&#x6c;&#x61;a&#107;&#117;&#118;&#x61;&#x74;&#x2e;f&#105;<\/a><\/p>\n<hr \/>\n<h2>Asiakasinfo<\/h2>\n<h3>Palautusoikeus<\/h3>\n<p>Tuotteilla on nelj\u00e4ntoista (14) p\u00e4iv\u00e4n palautusoikeus. Hyv\u00e4ksymme palautuksiksi tuotteet, joissa on valmistusvirhe, jota ei voida korjata.<\/p>\n<h3>Toimitus<\/h3>\n<p>Tuotteet toimitetaan suoraan asiakkaan antamaan toimitusosoitteeseen 3-10 p\u00e4iv\u00e4n kuluessa tilauksesta. Toimitusajat ajat vaihtelevat sesongin mukaan. Toimitustapa on postitoimitus. Mik\u00e4li kirje tai paketti ei sovi postiluukkuun tai -laatikkoon, ovat tuotteet noudettavissa l\u00e4himm\u00e4st\u00e4 postitoimipaikasta postin normaalin menettelyn mukaisesti.<\/p>\n<h3>Maksutavat<\/h3>\n<p>Tuotteet maksetaan tilauksen yhteydess\u00e4. Verkkokaupassa voidaan maksaa Paytrail Oyj:n tarjoamilla maksu tavoilla.<\/p>\n<h5>Maksut Luottokunnan kautta<\/h5>\n<p>Mik\u00e4li haluat maksaa Luottokunnan maksutapojen kautta, Tilaakuvat.fi toimii ainoastaan tuotteiden ja palveluiden markkinoijana ja lis\u00e4ksi toimittaa tuotteet ostajalle. Tilaakuvat.fi vastaa siis ainoastaan tuotteen markkinoinnista, toimituksesta sek\u00e4 mahdollisten reklamaatioiden hoitamisesta. Voit tarpeen vaatiessa osoittaa reklamaation my\u00f6s Paytrail Oyj:lle.<\/p>\n<p>Paytrail Oyj toimii Luottokunnan kautta teht\u00e4viss\u00e4 maksuissa tuotteen myyj\u00e4n\u00e4 ja kauppa syntyy asiakkaan ja Paytrail Oyj:n v\u00e4lille. Myyj\u00e4n vastuulla ovat kaikki kauppaan liittyv\u00e4t velvoitteet. Paytrail Oyj on my\u00f6s maksun saaja.<\/p>\n<p>Paytrail Oyj, y-tunnus: 2122839-7 Ylist\u00f6nm\u00e4entie 26 40500 JYV\u00c4SKYL\u00c4 Puhelin: 0207 181830<\/p>\n<h5>Verkkopankit<\/h5>\n<p>Verkkopankkimaksamiseen liittyv\u00e4n maksu- ja rahoituspalvelun toteuttaa Paytrail Oyj (2122839-7) yhteisty\u00f6ss\u00e4 suomalaisten pankkien ja luottolaitosten kanssa. Paytrail Oyj ostaa maksusuorituksen ja tilitt\u00e4\u00e4 sen kauppiaalle. K\u00e4ytt\u00e4j\u00e4n kannalta palvelu toimii aivan kuten perinteinen verkkomaksaminenkin.<\/p>\n<h5>Laskulla maksaminen<\/h5>\n<p>Walley Lasku\/Osamaksu (Collector Bank AB).<\/p>\n<p>Joustoa ja valinnanvapautta \u2013 maksa kerralla tai osissa, valitsemassasi tahdissa.<\/p>\n<p>Lasku ja tililuotto antavat sinulle lis\u00e4\u00e4 aikaa verkkokauppaostostesi maksamiseen. Niit\u00e4 k\u00e4ytt\u00e4m\u00e4ll\u00e4 voit odotella tilauksesi saapumista rauhassa ennen sen maksamista. Maksun voit tehd\u00e4 joko kerralla laskulla tai pienemmiss\u00e4 osissa tililuotolla, jolloin voit suorittaa kuukausittain sinulle parhaiten sopivan summan ja jakaa maksun enint\u00e4\u00e4n 36 kuukauden ajalle. <\/p>\n<p>Laskulla saat aina 45 p\u00e4iv\u00e4\u00e4 korotonta maksuaikaa verkkokauppaostoksillesi.<\/p>\n<p>Laskutusmaksu 3.80\u20ac.<\/p>\n<p>Tarkempi palvelukuvaus: <a href=\"https:\/\/www.walley.fi\/asiakaspalvelu\/\" target=\"_blank\">https:\/\/www.walley.fi\/asiakaspalvelu\/<\/a><\/p>\n<h3>Yritystiedot<\/h3>\n<p>Tilaakuvat.fi<br \/>\nSuomen Mallikuvat Oy<br \/>\nPaljetie 5<br \/>\n90140 OULU<br \/>\nY-tunnus 2206330-1<br \/>\n&#x69;&#110;&#x66;&#x6f;&#64;&#x77;&#119;w&#x2e;&#116;i&#x6c;&#97;a&#x6b;&#117;v&#x61;&#116;&#x2e;&#x66;&#105;<br \/>\npuh. 010 320 7230<\/p>\n","protected":false},"excerpt":{"rendered":"<p>Kuvaajainfo Tilaakuvat.fi on ammattikuvaajille toteutettu verkkokauppapalvelu. Verkkokauppamme kautta myyt k\u00e4tev\u00e4sti otetut p\u00e4iv\u00e4koti-,koulu- tai ammattikuvat. Hoidamme puolestasi kuvien myynnin, valmistuksen, pakkauksen,postituksen ja asiakaspalvelun.Valokuvaajana voit itse m\u00e4\u00e4ritell\u00e4 myyt\u00e4v\u00e4t kuvatuotteet ja hinnat. Verkkokauppaa on kehitetty yhdess\u00e4 valokuvaajien ja asiakkaiden kanssa vuodesta 2008 saakka.<span class=\"ellipsis\">&hellip;<\/span><\/p>\n<div class=\"read-more\"><a href=\"https:\/\/www.tilaakuvat.fi\/?page_id=10\">Lue lis\u00e4\u00e4 \u203a<\/a><\/div>\n<p><!-- end of .read-more --><\/p>\n","protected":false},"author":1,"featured_media":0,"parent":0,"menu_order":3,"comment_status":"closed","ping_status":"closed","template":"full-width-page.php","meta":{"footnotes":""},"yoast_head":"<!-- This site is optimized with the Yoast SEO plugin v21.3 - https:\/\/yoast.com\/wordpress\/plugins\/seo\/ -->\n<title>Info - Tilaakuvat.fi<\/title>\n<meta name=\"description\" content=\"Kuvaajan kaverina. Verkkosivujemme kautta asiakkaat voivat ilmoittautua j\u00e4rjestett\u00e4v\u00e4\u00e4n kuvaukseen, sek\u00e4 tilata verkkokaupasta haluamansa kuvatuotteet.\" \/>\n<meta name=\"robots\" content=\"index, follow, max-snippet:-1, max-image-preview:large, max-video-preview:-1\" \/>\n<link rel=\"canonical\" href=\"https:\/\/www.tilaakuvat.fi\/?page_id=10\" \/>\n<meta property=\"og:locale\" content=\"fi_FI\" \/>\n<meta property=\"og:type\" content=\"article\" \/>\n<meta property=\"og:title\" content=\"Info - Tilaakuvat.fi\" \/>\n<meta property=\"og:description\" content=\"Kuvaajan kaverina. Verkkosivujemme kautta asiakkaat voivat ilmoittautua j\u00e4rjestett\u00e4v\u00e4\u00e4n kuvaukseen, sek\u00e4 tilata verkkokaupasta haluamansa kuvatuotteet.\" \/>\n<meta property=\"og:url\" content=\"https:\/\/www.tilaakuvat.fi\/?page_id=10\" \/>\n<meta property=\"og:site_name\" content=\"Tilaakuvat.fi\" \/>\n<meta property=\"article:modified_time\" content=\"2021-09-30T09:15:55+00:00\" \/>\n<meta property=\"og:image\" content=\"http:\/\/www.fotolinja.fi\/wp-content\/themes\/fotolinja_theme\/images\/logo.png\" \/>\n<meta name=\"twitter:label1\" content=\"Arvioitu lukuaika\" \/>\n\t<meta name=\"twitter:data1\" content=\"3 minuuttia\" \/>\n<script type=\"application\/ld+json\" class=\"yoast-schema-graph\">{\"@context\":\"https:\/\/schema.org\",\"@graph\":[{\"@type\":\"WebPage\",\"@id\":\"https:\/\/www.tilaakuvat.fi\/?page_id=10\",\"url\":\"https:\/\/www.tilaakuvat.fi\/?page_id=10\",\"name\":\"Info - Tilaakuvat.fi\",\"isPartOf\":{\"@id\":\"https:\/\/www.tilaakuvat.fi\/#website\"},\"datePublished\":\"2015-02-17T11:01:49+00:00\",\"dateModified\":\"2021-09-30T09:15:55+00:00\",\"description\":\"Kuvaajan kaverina. Verkkosivujemme kautta asiakkaat voivat ilmoittautua j\u00e4rjestett\u00e4v\u00e4\u00e4n kuvaukseen, sek\u00e4 tilata verkkokaupasta haluamansa kuvatuotteet.\",\"inLanguage\":\"fi\",\"potentialAction\":[{\"@type\":\"ReadAction\",\"target\":[\"https:\/\/www.tilaakuvat.fi\/?page_id=10\"]}]},{\"@type\":\"WebSite\",\"@id\":\"https:\/\/www.tilaakuvat.fi\/#website\",\"url\":\"https:\/\/www.tilaakuvat.fi\/\",\"name\":\"Tilaakuvat.fi\",\"description\":\"Kuvaajan kaverina\",\"potentialAction\":[{\"@type\":\"SearchAction\",\"target\":{\"@type\":\"EntryPoint\",\"urlTemplate\":\"https:\/\/www.tilaakuvat.fi\/?s={search_term_string}\"},\"query-input\":\"required name=search_term_string\"}],\"inLanguage\":\"fi\"}]}<\/script>\n<!-- \/ Yoast SEO plugin. -->","yoast_head_json":{"title":"Info - Tilaakuvat.fi","description":"Kuvaajan kaverina. Verkkosivujemme kautta asiakkaat voivat ilmoittautua j\u00e4rjestett\u00e4v\u00e4\u00e4n kuvaukseen, sek\u00e4 tilata verkkokaupasta haluamansa kuvatuotteet.","robots":{"index":"index","follow":"follow","max-snippet":"max-snippet:-1","max-image-preview":"max-image-preview:large","max-video-preview":"max-video-preview:-1"},"canonical":"https:\/\/www.tilaakuvat.fi\/?page_id=10","og_locale":"fi_FI","og_type":"article","og_title":"Info - Tilaakuvat.fi","og_description":"Kuvaajan kaverina. Verkkosivujemme kautta asiakkaat voivat ilmoittautua j\u00e4rjestett\u00e4v\u00e4\u00e4n kuvaukseen, sek\u00e4 tilata verkkokaupasta haluamansa kuvatuotteet.","og_url":"https:\/\/www.tilaakuvat.fi\/?page_id=10","og_site_name":"Tilaakuvat.fi","article_modified_time":"2021-09-30T09:15:55+00:00","og_image":[{"url":"http:\/\/www.fotolinja.fi\/wp-content\/themes\/fotolinja_theme\/images\/logo.png"}],"twitter_misc":{"Arvioitu lukuaika":"3 minuuttia"},"schema":{"@context":"https:\/\/schema.org","@graph":[{"@type":"WebPage","@id":"https:\/\/www.tilaakuvat.fi\/?page_id=10","url":"https:\/\/www.tilaakuvat.fi\/?page_id=10","name":"Info - Tilaakuvat.fi","isPartOf":{"@id":"https:\/\/www.tilaakuvat.fi\/#website"},"datePublished":"2015-02-17T11:01:49+00:00","dateModified":"2021-09-30T09:15:55+00:00","description":"Kuvaajan kaverina. Verkkosivujemme kautta asiakkaat voivat ilmoittautua j\u00e4rjestett\u00e4v\u00e4\u00e4n kuvaukseen, sek\u00e4 tilata verkkokaupasta haluamansa kuvatuotteet.","inLanguage":"fi","potentialAction":[{"@type":"ReadAction","target":["https:\/\/www.tilaakuvat.fi\/?page_id=10"]}]},{"@type":"WebSite","@id":"https:\/\/www.tilaakuvat.fi\/#website","url":"https:\/\/www.tilaakuvat.fi\/","name":"Tilaakuvat.fi","description":"Kuvaajan kaverina","potentialAction":[{"@type":"SearchAction","target":{"@type":"EntryPoint","urlTemplate":"https:\/\/www.tilaakuvat.fi\/?s={search_term_string}"},"query-input":"required name=search_term_string"}],"inLanguage":"fi"}]}},"_links":{"self":[{"href":"https:\/\/www.tilaakuvat.fi\/index.php?rest_route=\/wp\/v2\/pages\/10"}],"collection":[{"href":"https:\/\/www.tilaakuvat.fi\/index.php?rest_route=\/wp\/v2\/pages"}],"about":[{"href":"https:\/\/www.tilaakuvat.fi\/index.php?rest_route=\/wp\/v2\/types\/page"}],"author":[{"embeddable":true,"href":"https:\/\/www.tilaakuvat.fi\/index.php?rest_route=\/wp\/v2\/users\/1"}],"replies":[{"embeddable":true,"href":"https:\/\/www.tilaakuvat.fi\/index.php?rest_route=%2Fwp%2Fv2%2Fcomments&post=10"}],"version-history":[{"count":16,"href":"https:\/\/www.tilaakuvat.fi\/index.php?rest_route=\/wp\/v2\/pages\/10\/revisions"}],"predecessor-version":[{"id":203,"href":"https:\/\/www.tilaakuvat.fi\/index.php?rest_route=\/wp\/v2\/pages\/10\/revisions\/203"}],"wp:attachment":[{"href":"https:\/\/www.tilaakuvat.fi\/index.php?rest_route=%2Fwp%2Fv2%2Fmedia&parent=10"}],"curies":[{"name":"wp","href":"https:\/\/api.w.org\/{rel}","templated":true}]}}